{"id":1537,"date":"2021-11-01T13:21:09","date_gmt":"2021-11-01T12:21:09","guid":{"rendered":"https:\/\/valloasociados.com\/?page_id=1537"},"modified":"2021-11-01T13:26:36","modified_gmt":"2021-11-01T12:26:36","slug":"politique-de-confidentialite","status":"publish","type":"page","link":"https:\/\/valloasociados.com\/fr\/politique-de-confidentialite\/","title":{"rendered":"Politique de confidentialit\u00e9"},"content":{"rendered":"\t\t<div data-elementor-type=\"wp-page\" data-elementor-id=\"1537\" class=\"elementor elementor-1537\" data-elementor-post-type=\"page\">\n\t\t\t\t\t\t<section class=\"elementor-section elementor-top-section elementor-element elementor-element-7788dc81 elementor-section-boxed elementor-section-height-default elementor-section-height-default\" data-id=\"7788dc81\" data-element_type=\"section\">\n\t\t\t\t\t\t<div class=\"elementor-container elementor-column-gap-default\">\n\t\t\t\t\t<div class=\"elementor-column elementor-col-100 elementor-top-column elementor-element elementor-element-7d735a4f\" data-id=\"7d735a4f\" data-element_type=\"column\">\n\t\t\t<div class=\"elementor-widget-wrap elementor-element-populated\">\n\t\t\t\t\t\t<div class=\"elementor-element elementor-element-09f6118 elementor-widget elementor-widget-heading\" data-id=\"09f6118\" data-element_type=\"widget\" data-widget_type=\"heading.default\">\n\t\t\t\t<div class=\"elementor-widget-container\">\n\t\t\t<h1 class=\"elementor-heading-title elementor-size-default\">Politique de confidentialit\u00e9<\/h1>\t\t<\/div>\n\t\t\t\t<\/div>\n\t\t\t\t<div class=\"elementor-element elementor-element-5d2b845 elementor-widget elementor-widget-text-editor\" data-id=\"5d2b845\" data-element_type=\"widget\" data-widget_type=\"text-editor.default\">\n\t\t\t\t<div class=\"elementor-widget-container\">\n\t\t\t\t\t\t\t<p>Votre vie priv\u00e9e est importante pour <strong>valloasociados.com<\/strong>. Cette d\u00e9claration de confidentialit\u00e9 explique quelles informations personnelles nous recueillons aupr\u00e8s de nos utilisateurs et comment nous les utilisons. Nous vous encourageons \u00e0 lire attentivement ces conditions avant de fournir vos informations personnelles sur ce site Web. Les enfants de plus de 14 ans peuvent utiliser toute fonctionnalit\u00e9 o\u00f9 des donn\u00e9es priv\u00e9es sont fournies sans le consentement pr\u00e9alable de leurs parents ou tuteurs.<\/p><p>Dans le cas des enfants de moins de 14 ans, le consentement de leurs parents ou tuteurs est requis pour le traitement de leurs donn\u00e9es personnelles.<\/p><p>En aucun cas, les donn\u00e9es relatives \u00e0 la situation professionnelle, financi\u00e8re ou \u00e0 la vie priv\u00e9e des autres membres de la famille ne seront collect\u00e9es aupr\u00e8s des mineurs sans leur consentement.<\/p><p>Si vous avez moins de 14 ans et que vous avez acc\u00e9d\u00e9 \u00e0 ce site web sans en avertir vos parents, vous ne devez pas communiquer d&rsquo;informations personnelles.<\/p><p>Ce site respecte et prot\u00e8ge les donn\u00e9es personnelles de ses utilisateurs. En tant qu&rsquo;utilisateur, vous devez savoir que vos droits sont garantis.<\/p><p><strong>valloasociados.com <\/strong>a adapt\u00e9 ce site web aux exigences du R\u00e8glement (UE) 2016\/679 du Parlement europ\u00e9en et du Conseil du 27 avril 2016 sur la protection des personnes physiques (RGPD), de la Loi organique 3\/2018, du 5 d\u00e9cembre, sur la protection des donn\u00e9es personnelles et la garantie des droits num\u00e9riques (LOPDGDD), ainsi que de la Loi 34\/2002, du 11 juillet, sur les services de la soci\u00e9t\u00e9 de l&rsquo;information et le commerce \u00e9lectronique (LSSICE ou LSSI).<\/p><p>Responsable du traitement de vos donn\u00e9es personnelles<\/p><p>Identit\u00e9 du contr\u00f4leur des donn\u00e9es : VALLO &amp; ASOCIADOS &#8211; ABOGADOS S.L.P.U.\u00a0<\/p><p>Nom de la soci\u00e9t\u00e9 : valloasociados.com<\/p><p>NIF\/CIF : B65710121<\/p><p>Adresse : Gran Via de les Corts Catalanes 535, Entlo 6\u00ba &#8211; 08011 Barcelone (Espagne)\u00a0<\/p><p>Courriel : <a href=\"mailto:info@valloasociados.com\">info@valloasociados.com<\/a><\/p><p><strong>Comment avons-nous obtenu vos donn\u00e9es ?<\/strong><\/p><p>Les donn\u00e9es personnelles que nous traitons \u00e0 valloasociados.com proviennent de :<\/p><ul><li>Formulaire de contact<\/li><li>Formulaire d&rsquo;abonnement<\/li><li>Commentaires sur les postes<\/li><\/ul><p><strong>Quels sont vos droits lorsque vous nous communiquez vos donn\u00e9es ?<\/strong><\/p><p>Toute personne a le droit d&rsquo;obtenir la confirmation que valloasociados.com traite ou non ses donn\u00e9es personnelles.<\/p><ul><li>Les parties int\u00e9ress\u00e9es ont le droit de :<\/li><li>Demander l&rsquo;acc\u00e8s aux donn\u00e9es personnelles relatives \u00e0 la personne concern\u00e9e.<\/li><li>Demander sa rectification ou son effacement<\/li><li>Demander la limitation de leur traitement<\/li><li>S&rsquo;opposer au traitement<\/li><li>Demander la portabilit\u00e9 des donn\u00e9es<\/li><\/ul><p>Les personnes concern\u00e9es peuvent acc\u00e9der \u00e0 leurs donn\u00e9es personnelles, ainsi que demander la rectification des donn\u00e9es inexactes ou, le cas \u00e9ch\u00e9ant, demander leur suppression lorsque, entre autres raisons, les donn\u00e9es ne sont plus n\u00e9cessaires aux fins pour lesquelles elles ont \u00e9t\u00e9 collect\u00e9es. Dans certaines circonstances, les personnes concern\u00e9es peuvent demander la limitation du traitement de leurs donn\u00e9es, auquel cas je ne les conserverai que pour l&rsquo;exercice ou la d\u00e9fense de droits.<\/p><p>Dans le cadre de l&rsquo;exercice de votre droit \u00e0 la portabilit\u00e9 des donn\u00e9es, vous avez le droit d&rsquo;obtenir que les donn\u00e9es \u00e0 caract\u00e8re personnel soient transf\u00e9r\u00e9es directement du responsable du traitement au responsable du traitement lorsque cela est techniquement possible.<\/p><p>Les personnes concern\u00e9es ont \u00e9galement le droit \u00e0 une protection juridictionnelle effective et le droit d&rsquo;introduire une r\u00e9clamation aupr\u00e8s de l&rsquo;autorit\u00e9 de contr\u00f4le, en l&rsquo;occurrence l&rsquo;Agence espagnole de protection des donn\u00e9es, si elles estiment que le traitement des donn\u00e9es \u00e0 caract\u00e8re personnel les concernant est contraire au r\u00e8glement.<\/p><p><strong>Dans quel but traitons-nous vos donn\u00e9es personnelles ?<\/strong><\/p><p>Lorsqu&rsquo;un utilisateur se connecte \u00e0 ce site Web, par exemple pour commenter un article, envoyer un courriel au propri\u00e9taire ou s&rsquo;abonner, il fournit des informations personnelles dont valloasociados.com est responsable. Ces informations peuvent inclure des donn\u00e9es personnelles telles que votre adresse IP, votre nom, votre adresse physique, votre adresse \u00e9lectronique, votre num\u00e9ro de t\u00e9l\u00e9phone et d&rsquo;autres informations. En fournissant ces informations, vous consentez \u00e0 la collecte, \u00e0 l&rsquo;utilisation, \u00e0 la gestion et au stockage de vos informations par valloasociados.com, uniquement dans les conditions d\u00e9crites dans les mentions l\u00e9gales et la pr\u00e9sente politique de confidentialit\u00e9.<\/p><p>Sur valloasociados.com, il existe diff\u00e9rents syst\u00e8mes de capture des informations personnelles et je traite les informations fournies par les personnes int\u00e9ress\u00e9es aux fins suivantes pour chaque syst\u00e8me de capture (formulaires) :<\/p><ul><li>Formulaire de contact : L&rsquo;objectif est de maintenir la communication sur le sujet indiqu\u00e9 dans le formulaire de<\/li><li>Formulaire d&rsquo;abonnement : L&rsquo;objectif est d&rsquo;informer sur les questions commerciales et non<\/li><li>Commentaires sur les messages : Le but est de montrer des informations sur le commentaire au reste des utilisateurs visiteurs, ainsi que de permettre la communication ou les alertes si l&rsquo;utilisateur le<\/li><\/ul><p>Il existe d&rsquo;autres raisons pour lesquelles nous traitons vos donn\u00e9es personnelles :<\/p><ul><li>Pour assurer le respect des conditions d&rsquo;utilisation et du droit applicable. Cela peut inclure le d\u00e9veloppement d&rsquo;outils et d&rsquo;algorithmes qui aident ce site web \u00e0 assurer la confidentialit\u00e9 des donn\u00e9es personnelles qu&rsquo;il<\/li><li>Pour soutenir et am\u00e9liorer les services offerts par ce site<\/li><li>D&rsquo;autres donn\u00e9es non identifiantes sont \u00e9galement collect\u00e9es et obtenues par le biais de certains cookies qui sont t\u00e9l\u00e9charg\u00e9s sur l&rsquo;ordinateur de l&rsquo;utilisateur lors de la navigation sur ce site web, qui sont d\u00e9taill\u00e9s dans la politique en mati\u00e8re de<\/li><li>G\u00e9rer les r\u00e9seaux sociaux. Vallo &amp; Asociados peut avoir une pr\u00e9sence sur les r\u00e9seaux sociaux. Le traitement des donn\u00e9es des personnes qui deviennent des adeptes sur les r\u00e9seaux sociaux des pages officielles valloasociados.com sera r\u00e9gi par cette section. Ainsi que par les conditions d&rsquo;utilisation, les politiques de confidentialit\u00e9 et les r\u00e8glements d&rsquo;acc\u00e8s appartenant au r\u00e9seau social applicable dans chaque cas et pr\u00e9alablement accept\u00e9 par l&rsquo;utilisateur de valloasociados.com. Il traitera vos donn\u00e9es dans le but de g\u00e9rer correctement votre pr\u00e9sence sur le r\u00e9seau social, vous informer des activit\u00e9s, produits ou services de valloasociados.com. Ainsi qu&rsquo;\u00e0 toute autre fin que la r\u00e9glementation des r\u00e9seaux sociaux permet. En aucun cas, nous n&rsquo;utiliserons les profils des followers sur les r\u00e9seaux sociaux pour envoyer de la publicit\u00e9 de mani\u00e8re individuelle.<\/li><\/ul><p>Valloasociados.com ne vend pas, ne loue pas et ne c\u00e8de pas \u00e0 des tiers les donn\u00e9es personnelles permettant d&rsquo;identifier l&rsquo;utilisateur, ni ne le fera \u00e0 l&rsquo;avenir, sans son consentement pr\u00e9alable. Cependant, dans certains cas, des collaborations avec d&rsquo;autres professionnels peuvent \u00eatre r\u00e9alis\u00e9es, auquel cas il sera demand\u00e9 aux utilisateurs leur consentement, en les informant de l&rsquo;identit\u00e9 du collaborateur et du but de la collaboration. Cette collaboration se fera toujours dans le respect des normes de s\u00e9curit\u00e9 les plus strictes.<\/p><p><strong>L\u00e9gitimation du traitement de vos donn\u00e9es<\/strong><\/p><p>La base juridique du traitement de vos donn\u00e9es est le consentement.<\/p><p>Pour contacter ou faire des commentaires sur ce site web, il est n\u00e9cessaire de consentir \u00e0 cette politique de confidentialit\u00e9.<\/p><p>L&rsquo;offre prospective ou commerciale de produits et services est fond\u00e9e sur le consentement qui vous est demand\u00e9, sans qu&rsquo;en aucun cas le retrait de ce consentement ne conditionne l&rsquo;ex\u00e9cution du contrat de souscription.<\/p><p><strong>Cat\u00e9gorie de donn\u00e9es<\/strong><\/p><p>Les cat\u00e9gories de donn\u00e9es trait\u00e9es sont les donn\u00e9es d&rsquo;identification. Aucune cat\u00e9gorie de donn\u00e9es sp\u00e9cialement prot\u00e9g\u00e9es n&rsquo;est trait\u00e9e. <strong>Combien de temps conservons-nous vos donn\u00e9es ?<\/strong><\/p><p>Les donn\u00e9es personnelles fournies seront conserv\u00e9es :<\/p><ul><li>Aussi longtemps que la relation d&rsquo;affaires est<\/li><li>Jusqu&rsquo;\u00e0 ce que la personne concern\u00e9e demande sa<\/li><li>P\u00e9riode \u00e0 compter de la derni\u00e8re confirmation d&rsquo;int\u00e9r\u00eat : 12<\/li><\/ul><p><strong>\u00c0 quels destinataires vos donn\u00e9es seront-elles divulgu\u00e9es ?<\/strong><\/p><p>Un grand nombre des outils que nous utilisons pour g\u00e9rer vos donn\u00e9es sont sous-trait\u00e9s par des tiers.<\/p><p>Afin de fournir les services strictement n\u00e9cessaires au d\u00e9veloppement de l&rsquo;activit\u00e9, valloasociados.com partage les donn\u00e9es avec les fournisseurs suivants, selon leurs conditions de confidentialit\u00e9 correspondantes :<\/p><p><strong>Google Analytics <\/strong>: un service d&rsquo;analyse du Web fourni par Google Inc., une soci\u00e9t\u00e9 du Delaware dont le si\u00e8ge social est situ\u00e9 au 1600 Amphitheatre Parkway, Mountain View (Californie), CA 94043, \u00c9tats-Unis (\u00ab\u00a0Google\u00a0\u00bb). Google Analytics utilise des \u00ab\u00a0cookies\u00a0\u00bb, qui sont des fichiers texte plac\u00e9s sur votre ordinateur, pour aider valloasociados.com \u00e0 analyser l&rsquo;utilisation du site par ses utilisateurs. Les informations g\u00e9n\u00e9r\u00e9es par les cookies concernant votre utilisation de valloasociados.com (y compris votre adresse IP) seront transmises \u00e0 un serveur de Google aux \u00c9tats-Unis et y seront stock\u00e9es.<\/p><p><strong>Facebook Pixel <\/strong>: un service d&rsquo;analyse web fourni par Facebook Inc., une soci\u00e9t\u00e9 californienne dont le si\u00e8ge social est situ\u00e9 au 1 Hacker Way, 94025 Menlo Park, \u00c9tats-Unis. Facebook Pixel utilise des \u00ab\u00a0cookies\u00a0\u00bb, qui sont des fichiers texte plac\u00e9s sur votre ordinateur, pour aider valloasociados.com \u00e0 analyser la fa\u00e7on dont les utilisateurs utilisent le site web. Les informations g\u00e9n\u00e9r\u00e9es par le cookie concernant votre utilisation de valloasociados.com (y compris votre adresse IP) seront directement transmises et stock\u00e9es par Facebook Inc. sur des serveurs situ\u00e9s aux \u00c9tats-Unis.<\/p><p><strong>Serveur : <\/strong>toutes les donn\u00e9es stock\u00e9es sur le serveur o\u00f9 est h\u00e9berg\u00e9 ce site web sont stock\u00e9es dans le centre de donn\u00e9es de Tesys Internet S.L.U., domicili\u00e9 en Espagne. Toutefois, cette soci\u00e9t\u00e9 n&rsquo;a pas acc\u00e8s \u00e0 la consultation des donn\u00e9es car il s&rsquo;agit d&rsquo;un serveur virtuel qui n&rsquo;est pas administr\u00e9.<\/p><p><strong>Consultation\/conseil : <\/strong>Dans le cas de valloasociados.com, nous n&rsquo;avons pas contract\u00e9 de service de ce type qui pourrait avoir acc\u00e8s \u00e0 vos donn\u00e9es.<\/p><p><strong>Plateforme web : <\/strong>La Fondation WordPress, bas\u00e9e aux \u00c9tats-Unis. Plus d&rsquo;informations sur : https:\/\/wordpress.org (The WordPress Foundation). La Fondation WordPress traite les donn\u00e9es afin de fournir les services de sa plateforme web \u00e0 valloasociados.com.<\/p><p><strong>Marketing par courriel <\/strong>: MailChimp, propri\u00e9t\u00e9 de The Rocket Science Group LLC, domicili\u00e9 aux \u00c9tats-Unis. Plus d&rsquo;informations sur : https:\/\/mailchimp.com\/legal\/privacy\/. The Rocket Science Group LLC traite les donn\u00e9es afin de fournir des services de marketing par courriel \u00e0 valloasociados.com.<\/p><p><strong>Naviguer sur<\/strong><\/p><p>Lors de la navigation sur valloasociados.com, des donn\u00e9es non identifiables peuvent \u00eatre collect\u00e9es, notamment les adresses IP, la localisation g\u00e9ographique (approximative), un enregistrement de l&rsquo;utilisation des services et des sites, ainsi que d&rsquo;autres donn\u00e9es qui ne peuvent \u00eatre utilis\u00e9es pour identifier l&rsquo;utilisateur.<\/p><p>Les donn\u00e9es non identifiables comprennent \u00e9galement les donn\u00e9es relatives \u00e0 vos habitudes de navigation par le biais de services tiers. Ce site web utilise les services d&rsquo;analyse de tiers suivants :<\/p><ul><li>Google Analytics<\/li><li>Pixel de Facebook<\/li><\/ul><p>Nous utilisons ces informations pour analyser les tendances, administrer le site, suivre les mouvements des utilisateurs sur le site et recueillir des informations d\u00e9mographiques sur notre base d&rsquo;utilisateurs dans son ensemble.<\/p><p><strong>S\u00e9curit\u00e9 et confidentialit\u00e9 des donn\u00e9es<\/strong><\/p><p>Valloasociados.com s&rsquo;engage \u00e0 l&rsquo;utilisation et au traitement des donn\u00e9es y compris les donn\u00e9es personnelles des utilisateurs, en respectant leur confidentialit\u00e9 et \u00e0 les utiliser conform\u00e9ment \u00e0 la finalit\u00e9 de la m\u00eame, ainsi qu&rsquo;\u00e0 respecter son obligation de les sauvegarder et \u00e0 adapter toutes les mesures pour \u00e9viter l&rsquo;alt\u00e9ration, la perte, le traitement ou l&rsquo;acc\u00e8s non autoris\u00e9, conform\u00e9ment aux dispositions de la l\u00e9gislation en vigueur sur la protection des donn\u00e9es.<\/p><p>Ce site web comprend un certificat SSL. Il s&rsquo;agit d&rsquo;un protocole de s\u00e9curit\u00e9 qui fait voyager vos donn\u00e9es de mani\u00e8re int\u00e9grale et s\u00e9curis\u00e9e, c&rsquo;est-\u00e0-dire que la transmission des donn\u00e9es entre un serveur et l&rsquo;internaute, et en retour, est enti\u00e8rement crypt\u00e9e ou chiffr\u00e9e.<\/p><p>Valloasociados.com ne peut pas garantir l&rsquo;impr\u00e9gnabilit\u00e9 absolue du r\u00e9seau Internet et donc la violation des donn\u00e9es par un acc\u00e8s frauduleux \u00e0 celles-ci par des tiers.<\/p><p>En ce qui concerne la confidentialit\u00e9 du traitement, valloasociados.com veillera \u00e0 ce que toute personne autoris\u00e9e par valloasociados.com \u00e0 traiter les donn\u00e9es du Client (y compris son personnel, ses collaborateurs et ses prestataires de services), soit soumise \u00e0 une obligation de confidentialit\u00e9 appropri\u00e9e (qu&rsquo;il s&rsquo;agisse d&rsquo;une obligation contractuelle ou l\u00e9gale).<\/p><p>Lorsqu&rsquo;un incident de s\u00e9curit\u00e9 se produit, d\u00e8s qu&rsquo;il en a connaissance, valloasociados.com en informe le client sans d\u00e9lai excessif et lui fournit en temps utile des informations relatives \u00e0 l&rsquo;incident de s\u00e9curit\u00e9 d\u00e8s qu&rsquo;il en a connaissance ou lorsque le client le demande raisonnablement.<\/p><p><strong>Exactitude et pr\u00e9cision des donn\u00e9es<\/strong><\/p><p>En tant qu&rsquo;utilisateur, vous \u00eates seul responsable de la v\u00e9racit\u00e9 et de l&rsquo;exactitude des donn\u00e9es que vous soumettez \u00e0 valloasociados.com, exon\u00e9rant valloasociados.com de toute responsabilit\u00e9 \u00e0 cet \u00e9gard.<\/p><p>L&rsquo;utilisateur garantit et est responsable, dans tous les cas, de l&rsquo;exactitude, de la validit\u00e9 et de l&rsquo;authenticit\u00e9 des donn\u00e9es personnelles fournies, et s&rsquo;engage \u00e0 les maintenir d\u00fbment mises \u00e0 jour. L&rsquo;utilisateur s&rsquo;engage \u00e0 fournir des informations compl\u00e8tes et correctes dans le formulaire de contact ou d&rsquo;abonnement.<\/p><p><strong>Acceptation et consentement<\/strong><\/p><p>L&rsquo;utilisateur d\u00e9clare avoir \u00e9t\u00e9 inform\u00e9 des conditions relatives \u00e0 la protection des donn\u00e9es personnelles, acceptant et consentant au traitement de celles-ci par valloasociados.com de la mani\u00e8re et aux fins indiqu\u00e9es dans la pr\u00e9sente politique de confidentialit\u00e9.<\/p><p><strong>R\u00e9vocabilit\u00e9<\/strong><\/p><p>Le consentement donn\u00e9, tant pour le traitement que pour la cession des donn\u00e9es des int\u00e9ress\u00e9s, pourra \u00eatre r\u00e9voqu\u00e9 \u00e0 tout moment en le communiquant \u00e0 valloasociados.com<\/p><p>dans les termes \u00e9tablis dans cette Politique pour l&rsquo;exercice des droits de l&rsquo;ARCO. Cette r\u00e9vocation ne sera en aucun cas r\u00e9troactive.<\/p><p><strong>Modifications de la politique de confidentialit\u00e9<\/strong><\/p><p>Valloasociados.com se r\u00e9serve le droit de modifier cette politique afin de l&rsquo;adapter \u00e0 une nouvelle l\u00e9gislation ou jurisprudence, ainsi qu&rsquo;aux pratiques du secteur. Dans ce cas, valloasociados.com annoncera sur cette page les changements introduits raisonnablement avant leur mise en \u0153uvre.<\/p><p><strong>Courriers \u00e9lectroniques commerciaux<\/strong><\/p><p>Conform\u00e9ment \u00e0 la LSSICE, valloasociados.com ne se livre pas \u00e0 des pratiques de SPAM, et par cons\u00e9quent n&rsquo;envoie pas de courriers \u00e9lectroniques commerciaux par voie \u00e9lectronique qui n&rsquo;ont pas \u00e9t\u00e9 pr\u00e9alablement demand\u00e9s ou autoris\u00e9s par l&rsquo;utilisateur. Par cons\u00e9quent, dans chacun des formulaires du site web, l&rsquo;utilisateur a la possibilit\u00e9 de donner son consentement expr\u00e8s pour recevoir la newsletter, ind\u00e9pendamment des informations commerciales demand\u00e9es.<\/p><p>Conform\u00e9ment aux dispositions de la loi 34\/2002 sur les services de la soci\u00e9t\u00e9 de l&rsquo;information et le commerce \u00e9lectronique, valloasociados.com s&rsquo;engage \u00e0 ne pas envoyer de communications commerciales sans les identifier d\u00fbment.<\/p><p>Ce document a \u00e9t\u00e9 mis \u00e0 jour le 31 octobre 2021.<\/p><p>Au nom de l&rsquo;\u00e9quipe de valloasociados.com, nous vous remercions de prendre le temps de lire cette politique de confidentialit\u00e9.<\/p>\t\t\t\t\t\t<\/div>\n\t\t\t\t<\/div>\n\t\t\t\t\t<\/div>\n\t\t<\/div>\n\t\t\t\t\t<\/div>\n\t\t<\/section>\n\t\t\t\t<\/div>\n\t\t","protected":false},"excerpt":{"rendered":"<p>Politique de confidentialit\u00e9 Votre vie priv\u00e9e est importante pour valloasociados.com. Cette d\u00e9claration de confidentialit\u00e9 explique quelles informations personnelles nous recueillons aupr\u00e8s de nos utilisateurs et comment nous les utilisons. Nous vous encourageons \u00e0 lire attentivement ces conditions avant de fournir vos informations personnelles sur ce site Web. Les enfants de plus de 14 ans peuvent &#8230; <a title=\"Politique de confidentialit\u00e9\" class=\"read-more\" href=\"https:\/\/valloasociados.com\/fr\/politique-de-confidentialite\/\" aria-label=\"En savoir plus sur Politique de confidentialit\u00e9\">Lire la suite<\/a><\/p>\n","protected":false},"author":1,"featured_media":0,"parent":0,"menu_order":0,"comment_status":"closed","ping_status":"closed","template":"elementor_header_footer","meta":{"footnotes":""},"class_list":["post-1537","page","type-page","status-publish"],"_links":{"self":[{"href":"https:\/\/valloasociados.com\/fr\/wp-json\/wp\/v2\/pages\/1537","targetHints":{"allow":["GET"]}}],"collection":[{"href":"https:\/\/valloasociados.com\/fr\/wp-json\/wp\/v2\/pages"}],"about":[{"href":"https:\/\/valloasociados.com\/fr\/wp-json\/wp\/v2\/types\/page"}],"author":[{"embeddable":true,"href":"https:\/\/valloasociados.com\/fr\/wp-json\/wp\/v2\/users\/1"}],"replies":[{"embeddable":true,"href":"https:\/\/valloasociados.com\/fr\/wp-json\/wp\/v2\/comments?post=1537"}],"version-history":[{"count":13,"href":"https:\/\/valloasociados.com\/fr\/wp-json\/wp\/v2\/pages\/1537\/revisions"}],"predecessor-version":[{"id":1550,"href":"https:\/\/valloasociados.com\/fr\/wp-json\/wp\/v2\/pages\/1537\/revisions\/1550"}],"wp:attachment":[{"href":"https:\/\/valloasociados.com\/fr\/wp-json\/wp\/v2\/media?parent=1537"}],"curies":[{"name":"wp","href":"https:\/\/api.w.org\/{rel}","templated":true}]}}