{"id":1559,"date":"2021-11-01T13:35:51","date_gmt":"2021-11-01T12:35:51","guid":{"rendered":"https:\/\/valloasociados.com\/?page_id=1559"},"modified":"2021-11-01T13:38:30","modified_gmt":"2021-11-01T12:38:30","slug":"notice-legale","status":"publish","type":"page","link":"https:\/\/valloasociados.com\/fr\/notice-legale\/","title":{"rendered":"Notice l\u00e9gale"},"content":{"rendered":"\t\t<div data-elementor-type=\"wp-page\" data-elementor-id=\"1559\" class=\"elementor elementor-1559\" data-elementor-post-type=\"page\">\n\t\t\t\t\t\t<section class=\"elementor-section elementor-top-section elementor-element elementor-element-76a9198 elementor-section-boxed elementor-section-height-default elementor-section-height-default\" data-id=\"76a9198\" data-element_type=\"section\">\n\t\t\t\t\t\t<div class=\"elementor-container elementor-column-gap-default\">\n\t\t\t\t\t<div class=\"elementor-column elementor-col-100 elementor-top-column elementor-element elementor-element-aab59c8\" data-id=\"aab59c8\" data-element_type=\"column\">\n\t\t\t<div class=\"elementor-widget-wrap elementor-element-populated\">\n\t\t\t\t\t\t<div class=\"elementor-element elementor-element-a30444f elementor-widget elementor-widget-heading\" data-id=\"a30444f\" data-element_type=\"widget\" data-widget_type=\"heading.default\">\n\t\t\t\t<div class=\"elementor-widget-container\">\n\t\t\t<h1 class=\"elementor-heading-title elementor-size-default\">Notice l\u00e9gale<\/h1>\t\t<\/div>\n\t\t\t\t<\/div>\n\t\t\t\t<div class=\"elementor-element elementor-element-1e5d302 elementor-widget elementor-widget-text-editor\" data-id=\"1e5d302\" data-element_type=\"widget\" data-widget_type=\"text-editor.default\">\n\t\t\t\t<div class=\"elementor-widget-container\">\n\t\t\t\t\t\t\t<p>Le pr\u00e9sent avis juridique \u00e9tablit les conditions d&rsquo;utilisation du site web<a href=\"http:\/\/www.valloasociados.com\/\"> www.valloasociados.com, <\/a>ci-apr\u00e8s d\u00e9nomm\u00e9 le site web, qui appartient \u00e0 VALLO &amp; ASOCIADOS &#8211; ABOGADOS S.L.P.U (ci-apr\u00e8s d\u00e9nomm\u00e9e l&rsquo;entreprise).<\/p><p>L&rsquo;acc\u00e8s au site web conf\u00e8re la qualit\u00e9 d&rsquo;utilisateur et implique l&rsquo;acceptation pleine et enti\u00e8re par l&rsquo;utilisateur de toutes et chacune des conditions incluses dans le pr\u00e9sent avis juridique.<\/p><p>Tous les droits de propri\u00e9t\u00e9 intellectuelle du domaine web et de ses contenus appartiennent soit \u00e0 l&rsquo;entreprise, soit \u00e0 des tiers, et par cons\u00e9quent, aucun Utilisateur n&rsquo;est autoris\u00e9 \u00e0 en faire usage, \u00e0 les imprimer ou \u00e0 les stocker sur un quelconque support physique dans tous les cas autres que pour un usage personnel et priv\u00e9. La modification, la d\u00e9compilation ou l&rsquo;utilisation commerciale de toute partie de ceux-ci est donc interdite.<\/p><p>L&rsquo;utilisation des contenus du domaine web n&rsquo;est autoris\u00e9e qu&rsquo;\u00e0 des fins d&rsquo;information et de service, \u00e0 condition que la source soit cit\u00e9e ou r\u00e9f\u00e9renc\u00e9e, et l&rsquo;utilisateur est seul responsable de toute utilisation abusive de ceux-ci.<\/p><p>Pour acc\u00e9der aux informations contenues sur le site et utiliser les services propos\u00e9s, les mineurs doivent obtenir l&rsquo;autorisation pr\u00e9alable de leurs parents, tuteurs ou repr\u00e9sentants l\u00e9gaux.<\/p><p>Les donn\u00e9es, textes, informations, graphiques ou liens publi\u00e9s sur le site web sont compil\u00e9s \u00e0 des fins purement informatives pour toutes les personnes int\u00e9ress\u00e9es par ceux-ci sans que leur acc\u00e8s ne g\u00e9n\u00e8re une relation commerciale, contractuelle ou professionnelle entre les Utilisateurs et . En cas de divergence entre les informations contenues sur le site web et celles contenues sur papier, ces derni\u00e8res seront consid\u00e9r\u00e9es comme valides. L&rsquo;entreprise se r\u00e9serve le droit de modifier le contenu du domaine web sans pr\u00e9avis.<\/p><p>Les liens hypertextes qui, le cas \u00e9ch\u00e9ant, permettent d&rsquo;acc\u00e9der \u00e0 travers le site web \u00e0 des fonctionnalit\u00e9s et \u00e0 des services offerts par des tiers, n&rsquo;appartiennent pas \u00e0 l&rsquo;entreprise et ne sont pas sous son contr\u00f4le. Par cons\u00e9quent, l&rsquo;entreprise n&rsquo;assume aucune responsabilit\u00e9 quant \u00e0 l&rsquo;information contenue dans ces liens ou aux effets qui pourraient en d\u00e9couler.<\/p><p>Il est strictement interdit \u00e0 l&rsquo;Utilisateur d&rsquo;introduire tout type de virus dans le domaine web, ainsi que de tenter d&rsquo;acc\u00e9der aux donn\u00e9es de ce dernier, de les modifier, d&rsquo;acc\u00e9der aux comptes de courrier \u00e9lectronique, aux messages, etc.<\/p><p>VALLO &amp; ASOCIADOS &#8211; ABOGADOS S.L.P.U. ne garantit pas la qualit\u00e9, l&rsquo;exactitude, la fiabilit\u00e9, la correction ou la moralit\u00e9 des donn\u00e9es, programmes, informations ou opinions, quelle que soit leur origine, qui circulent sur son r\u00e9seau ou sur les r\u00e9seaux auxquels l&rsquo;Utilisateur peut avoir acc\u00e8s \u00e0 travers le web. Le Client accepte express\u00e9ment d&rsquo;exon\u00e9rer la soci\u00e9t\u00e9 de toute responsabilit\u00e9 li\u00e9e au site web. L&rsquo;Utilisateur assume seul la responsabilit\u00e9 des cons\u00e9quences, dommages ou actions qui pourraient d\u00e9couler de l&rsquo;acc\u00e8s auxdits contenus, ainsi que de leur reproduction ou diffusion.<\/p><p>VALLO &amp; ASOCIADOS &#8211; ABOGADOS S.L.P.U ne sera pas responsable de la violation par un utilisateur des droits d&rsquo;un autre utilisateur du site web, ou de tiers, y compris les droits d&rsquo;auteur, les marques, les brevets, les informations confidentielles et tout autre droit de propri\u00e9t\u00e9 intellectuelle ou industrielle.<\/p><p><strong>Contact<\/strong><\/p><p>Vous pouvez nous contacter \u00e0 l&rsquo;adresse \u00e9lectronique suivante :<br \/>Courriel : <a href=\"mailto:info@valloasociados.com\">info@valloasociados.com<\/a><br \/>T\u00e9l\u00e9phone : +34 936 81 75 63<br \/>Adresse : Gran Via de les Corts Catalanes 535, Entlo 6\u00ba 08011 Barcelone<\/p>\t\t\t\t\t\t<\/div>\n\t\t\t\t<\/div>\n\t\t\t\t\t<\/div>\n\t\t<\/div>\n\t\t\t\t\t<\/div>\n\t\t<\/section>\n\t\t\t\t<\/div>\n\t\t","protected":false},"excerpt":{"rendered":"<p>Notice l\u00e9gale Le pr\u00e9sent avis juridique \u00e9tablit les conditions d&rsquo;utilisation du site web www.valloasociados.com, ci-apr\u00e8s d\u00e9nomm\u00e9 le site web, qui appartient \u00e0 VALLO &amp; ASOCIADOS &#8211; ABOGADOS S.L.P.U (ci-apr\u00e8s d\u00e9nomm\u00e9e l&rsquo;entreprise). L&rsquo;acc\u00e8s au site web conf\u00e8re la qualit\u00e9 d&rsquo;utilisateur et implique l&rsquo;acceptation pleine et enti\u00e8re par l&rsquo;utilisateur de toutes et chacune des conditions incluses dans &#8230; <a title=\"Notice l\u00e9gale\" class=\"read-more\" href=\"https:\/\/valloasociados.com\/fr\/notice-legale\/\" aria-label=\"En savoir plus sur Notice l\u00e9gale\">Lire la suite<\/a><\/p>\n","protected":false},"author":1,"featured_media":0,"parent":0,"menu_order":0,"comment_status":"closed","ping_status":"closed","template":"elementor_header_footer","meta":{"footnotes":""},"class_list":["post-1559","page","type-page","status-publish"],"_links":{"self":[{"href":"https:\/\/valloasociados.com\/fr\/wp-json\/wp\/v2\/pages\/1559","targetHints":{"allow":["GET"]}}],"collection":[{"href":"https:\/\/valloasociados.com\/fr\/wp-json\/wp\/v2\/pages"}],"about":[{"href":"https:\/\/valloasociados.com\/fr\/wp-json\/wp\/v2\/types\/page"}],"author":[{"embeddable":true,"href":"https:\/\/valloasociados.com\/fr\/wp-json\/wp\/v2\/users\/1"}],"replies":[{"embeddable":true,"href":"https:\/\/valloasociados.com\/fr\/wp-json\/wp\/v2\/comments?post=1559"}],"version-history":[{"count":7,"href":"https:\/\/valloasociados.com\/fr\/wp-json\/wp\/v2\/pages\/1559\/revisions"}],"predecessor-version":[{"id":1567,"href":"https:\/\/valloasociados.com\/fr\/wp-json\/wp\/v2\/pages\/1559\/revisions\/1567"}],"wp:attachment":[{"href":"https:\/\/valloasociados.com\/fr\/wp-json\/wp\/v2\/media?parent=1559"}],"curies":[{"name":"wp","href":"https:\/\/api.w.org\/{rel}","templated":true}]}}