{"id":1649,"date":"2021-11-01T14:40:01","date_gmt":"2021-11-01T13:40:01","guid":{"rendered":"https:\/\/valloasociados.com\/?page_id=1649"},"modified":"2021-11-01T14:44:45","modified_gmt":"2021-11-01T13:44:45","slug":"politica-di-privacy","status":"publish","type":"page","link":"https:\/\/valloasociados.com\/it\/politica-di-privacy\/","title":{"rendered":"Politica di privacy"},"content":{"rendered":"\t\t<div data-elementor-type=\"wp-page\" data-elementor-id=\"1649\" class=\"elementor elementor-1649\" data-elementor-post-type=\"page\">\n\t\t\t\t\t\t<section class=\"elementor-section elementor-top-section elementor-element elementor-element-7788dc81 elementor-section-boxed elementor-section-height-default elementor-section-height-default\" data-id=\"7788dc81\" data-element_type=\"section\">\n\t\t\t\t\t\t<div class=\"elementor-container elementor-column-gap-default\">\n\t\t\t\t\t<div class=\"elementor-column elementor-col-100 elementor-top-column elementor-element elementor-element-7d735a4f\" data-id=\"7d735a4f\" data-element_type=\"column\">\n\t\t\t<div class=\"elementor-widget-wrap elementor-element-populated\">\n\t\t\t\t\t\t<div class=\"elementor-element elementor-element-09f6118 elementor-widget elementor-widget-heading\" data-id=\"09f6118\" data-element_type=\"widget\" data-widget_type=\"heading.default\">\n\t\t\t\t<div class=\"elementor-widget-container\">\n\t\t\t<h1 class=\"elementor-heading-title elementor-size-default\">Politica di privacy<\/h1>\t\t<\/div>\n\t\t\t\t<\/div>\n\t\t\t\t<div class=\"elementor-element elementor-element-5d2b845 elementor-widget elementor-widget-text-editor\" data-id=\"5d2b845\" data-element_type=\"widget\" data-widget_type=\"text-editor.default\">\n\t\t\t\t<div class=\"elementor-widget-container\">\n\t\t\t\t\t\t\t<p>La tua privacy \u00e8 importante per <strong>valloasociados.com<\/strong>. Questa dichiarazione sulla privacy spiega quali informazioni personali raccogliamo dai nostri utenti e come le utilizziamo. Ti invitiamo a leggere attentamente queste condizioni prima di fornire i tuoi dati personali su questo sito web. I bambini di et\u00e0 superiore ai 14 anni possono utilizzare qualsiasi funzionalit\u00e0 in cui vengono forniti dati privati senza il previo consenso dei loro genitori o tutori.<\/p><p>Nel caso di bambini di et\u00e0 inferiore ai 14 anni, il consenso dei loro genitori o tutori \u00e8 necessario per il trattamento dei loro dati personali.<\/p><p>In nessun caso si raccoglieranno dati relativi alla situazione professionale o finanziaria o alla privacy di altri membri della famiglia di minori senza il loro consenso.<\/p><p>Se hai meno di 14 anni e sei entrato in questo sito senza avvisare i tuoi genitori, non devi condividere alcuna informazione personale.<\/p><p>Questo sito web rispetta e salvaguarda i dati personali dei suoi utenti. Come utente deve sapere che i suoi diritti sono garantiti.<\/p><p><strong>valloasociados.com <\/strong>ha adattato questo sito web ai requisiti del Regolamento (UE) 2016\/679 del Parlamento Europeo e del Consiglio del 27 aprile 2016 sulla protezione delle persone fisiche (RGPD), la Legge Organica 3\/2018, del 5 dicembre, sulla Protezione dei Dati Personali e garanzia dei diritti digitali (LOPDGDD), cos\u00ec come la Legge 34\/2002, dell&#8217;11 luglio, sui Servizi della Societ\u00e0 dell&#8217;Informazione e Commercio Elettronico (LSSICE o LSSI).<\/p><p><strong>Responsabile del trattamento dei suoi dati personali<\/strong><\/p><p>Identit\u00e0 del titolare del trattamento: VALLO &amp; ASOCIADOS &#8211; ABOGADOS S.L.P.U <br \/>Nome dell&#8217;azienda: valloasociados.com<br \/>NIF\/CIF: B65710121<br \/>Indirizzo: Gran Via de les Corts Catalanes 535, Entlo 6\u00ba &#8211; 08011 Barcellona (Spagna)<br \/>E-mail: <a href=\"mailto:info@valloasociados.com\">info@valloasociados.com<\/a><\/p><p><strong>Come abbiamo ottenuto i suoi dati?<\/strong><\/p><p>I dati personali che trattiamo su valloasociados.com provengono da:<\/p><ul><li>Modulo di contatto<\/li><li>Modulo d&#8217;iscrizione<\/li><li>Commenti ai messaggi<\/li><\/ul><p><strong>Quali sono i suoi diritti quando ci fornisce i suoi dati?<\/strong><\/p><p>Qualsiasi persona ha il diritto di ottenere la conferma che valloasociados.com tratti i suoi dati personali.<\/p><ul><li>Le parti interessate hanno il diritto di:<\/li><li>Richiedere l&#8217;accesso ai dati personali dell&#8217;interessato.<\/li><li>Richiedere la sua rettifica o cancellazione<\/li><li>Richiedere la limitazione del loro trattamento<\/li><li>Opporsi al trattamento<\/li><li>Richiedere la portabilit\u00e0 dei dati<\/li><\/ul><p>Gli interessati possono accedere ai loro dati personali, cos\u00ec come richiedere la rettifica dei dati inesatti o, se del caso, chiederne la cancellazione quando, tra le altre ragioni, i dati non sono pi\u00f9 necessari per gli scopi per cui sono stati raccolti. In determinate circostanze, gli interessati possono richiedere la limitazione del trattamento dei loro dati, nel qual caso li conserver\u00f2 solo per l&#8217;esercizio o la difesa dei diritti.<\/p><p>Nell&#8217;esercizio del suo diritto alla portabilit\u00e0 dei dati, ha il diritto di far trasferire i dati personali direttamente da un controllore all&#8217;altro, se tecnicamente fattibile.<\/p><p>Gli interessati hanno anche il diritto a una protezione giudiziaria effettiva e il diritto di presentare un reclamo all&#8217;autorit\u00e0 di controllo, in questo caso l&#8217;Agenzia spagnola di protezione dei dati, se ritengono che il trattamento dei dati personali che li riguardano sia in violazione del regolamento<\/p><p><strong>Per quale scopo trattiamo i suoi dati personali?<\/strong><\/p><p>Quando un utente si connette a questo sito web, per esempio per commentare un post, inviare un&#8217;email al proprietario o iscriversi, sta fornendo informazioni personali di cui valloasociados.com \u00e8 responsabile. Queste informazioni possono includere dati personali come il tuo indirizzo IP, nome, indirizzo fisico, indirizzo e-mail, numero di telefono e altre informazioni. Fornendo queste informazioni, l&#8217;utente acconsente alla raccolta, uso, gestione e conservazione dei suoi dati da parte di valloasociados.com, solo come descritto nell&#8217;Avviso Legale e in questa Politica di Privacy.<\/p><p>In valloasociados.com ci sono diversi sistemi di cattura dei dati personali e io tratto le informazioni fornite dagli interessati per i seguenti scopi per ogni sistema di cattura (moduli):<\/p><ul><li>Modulo di contatto: Lo scopo \u00e8 quello di mantenere la comunicazione sull&#8217;argomento indicato nel modulo di<\/li><li>Modulo d&#8217;iscrizione: Lo scopo \u00e8 quello di informare su questioni commerciali e non commerciali.<\/li><li>Commenti ai post: Lo scopo \u00e8 quello di mostrare le informazioni sul commento al resto degli utenti in visita, cos\u00ec come consentire la comunicazione o gli avvisi se cos\u00ec scelto dall&#8217;utente.<\/li><\/ul><p>Ci sono altri scopi per i quali trattiamo i suoi dati personali:<\/p><ul><li>Per garantire il rispetto dei termini di utilizzo e della legge applicabile. Questo pu\u00f2 includere lo sviluppo di strumenti e algoritmi che aiutano questo sito web a garantire la riservatezza dei dati personali che<\/li><li>Per sostenere e migliorare i servizi offerti da questo sito<\/li><li>Altri dati non identificativi vengono raccolti e ottenuti anche attraverso alcuni cookie che vengono scaricati sul computer dell&#8217;utente durante la navigazione in questo sito web, che sono dettagliati nella politica dei<\/li><li>Gestire le reti sociali. Vallo &amp; Asociados pu\u00f2 avere una presenza sulle reti sociali. Il trattamento dei dati delle persone che diventano follower sulle reti sociali delle pagine ufficiali valloasociados.com sar\u00e0 regolato da questa sezione. Cos\u00ec come da quelle condizioni d&#8217;uso, politiche di privacy e regolamenti di accesso che appartengono alla rete sociale che si applica in ogni caso e precedentemente accettato dall&#8217;utente di valloasociados.com. Tratter\u00e0 i suoi dati con la finalit\u00e0 di gestire correttamente la sua<\/li><\/ul><p>presenza nella rete sociale, informandola su attivit\u00e0, prodotti o servizi di valloasociados.com. Cos\u00ec come per qualsiasi altro scopo che i regolamenti delle reti sociali permettano. In nessun caso utilizzeremo i profili dei follower nelle reti sociali per inviare pubblicit\u00e0 individualmente.<\/p><p>Valloasociados.com non vende, affitta o cede a terzi i dati personali che possano identificare l&#8217;utente, n\u00e9 lo far\u00e0 in futuro, senza previo consenso. Tuttavia, in alcuni casi, si potranno realizzare collaborazioni con altri professionisti, nel qual caso verr\u00e0 richiesto il consenso dell&#8217;utente, informandolo dell&#8217;identit\u00e0 del collaboratore e dello scopo della collaborazione. Tutto ci\u00f2 sar\u00e0 sempre realizzato con i pi\u00f9 rigorosi standard di sicurezza.<\/p><p><strong>Legittimazione del trattamento dei suoi dati<\/strong><\/p><p>La base giuridica per il trattamento dei suoi dati \u00e8: il consenso.<\/p><p>Per contattare o fare commenti su questo sito web, \u00e8 necessario il consenso a questa politica sulla privacy.<\/p><p>L&#8217;offerta prospettica o commerciale di prodotti e servizi si basa sul consenso che le viene richiesto, senza che in nessun caso il ritiro di questo consenso condizioni l&#8217;esecuzione del contratto di abbonamento.<\/p><p><strong>Categoria di dati<\/strong><\/p><p>Le categorie di dati trattati sono dati identificativi.<\/p><p>Non vengono trattate categorie di dati particolarmente protette.<\/p><p><strong>Per quanto tempo conserveremo i suoi dati?<\/strong><\/p><p>I dati personali forniti saranno conservati:<\/p><ul><li>Per tutto il tempo in cui la relazione d&#8217;affari viene<\/li><li>Fino a quando l&#8217;interessato non ne richiede la<\/li><li>Periodo dall&#8217;ultima conferma di interesse: 12<\/li><\/ul><p><strong>A quali destinatari saranno comunicati i suoi dati?<\/strong><\/p><p>Molti degli strumenti che utilizziamo per gestire i suoi dati sono appaltati da terzi.<\/p><p>Per fornire i servizi strettamente necessari allo sviluppo dell&#8217;attivit\u00e0, valloasociados.com condivide i dati con i seguenti fornitori sotto le loro corrispondenti condizioni di privacy:<\/p><p><strong>Google Analytics<\/strong>: un servizio di analisi web fornito da Google Inc. una societ\u00e0 del Delaware la cui sede principale \u00e8 al 1600 Amphitheatre Parkway, Mountain View (California), CA 94043, Stati Uniti (&#8220;Google&#8221;). Google Analytics utilizza dei &#8220;cookies&#8221;, che sono file di testo che vengono depositati sul vostro computer per aiutare valloasociados.com ad analizzare come gli utenti utilizzano il sito web. Le informazioni generate dal cookie sull&#8217;utilizzo di valloasociados.com (compreso il vostro indirizzo IP) saranno trasmesse e memorizzate da Google su server negli Stati Uniti.<\/p><p><strong>Facebook Pixel<\/strong>: un servizio di analisi web fornito da Facebook Inc. una societ\u00e0 della California con sede a 1 Hacker Way, 94025 Menlo Park, Stati Uniti. Facebook Pixel utilizza &#8220;cookies&#8221;, che sono file di testo collocati sul tuo computer, per aiutare valloasociados.com ad analizzare come gli utenti utilizzano il sito web. L&#8217;informazione generata dal cookie sul tuo uso di<\/p><p>valloasociados.com (incluso il tuo indirizzo IP) sar\u00e0 direttamente trasmessa e conservata da Facebook Inc. su server negli Stati Uniti.<\/p><p><strong>Server: <\/strong>tutti i dati memorizzati sul server dove \u00e8 ospitato questo sito web sono conservati nel centro dati di Tesys Internet S.L.U., domiciliato in Spagna. Tuttavia, questa societ\u00e0 non ha accesso alla consultazione dei dati in quanto si tratta di un server virtuale non amministrato.<\/p><p><strong>Consulenza: <\/strong>Nel caso di valloasociados.com, non abbiamo contrattato nessun servizio di questo tipo che possa avere accesso ai suoi dati.<\/p><p><strong>Piattaforma web: <\/strong>The WordPress Foundation, con sede negli Stati Uniti. Maggiori informazioni su: https:\/\/wordpress.org (The WordPress Foundation). The WordPress Foundation tratta i dati al fine di fornire i suoi servizi di piattaforma web a valloasociados.com.<\/p><p><strong>Email marketing<\/strong>: MailChimp, di propriet\u00e0 di The Rocket Science Group LLC, con sede negli USA. Maggiori informazioni su: https:\/\/mailchimp.com\/legal\/privacy\/. The Rocket Science Group LLC tratta i dati al fine di fornire servizi di email marketing a valloasociados.com.<\/p><p><strong>Navigando su<\/strong><\/p><p>Durante la navigazione su valloasociados.com possono essere raccolti dati non identificabili, che possono includere indirizzi IP, posizione geografica (approssimativa), una registrazione di come vengono utilizzati i servizi e i siti, e altri dati che non possono essere utilizzati per identificare l&#8217;utente.<\/p><p>I dati non identificabili includono anche i dati relativi alle vostre abitudini di navigazione attraverso servizi di terze parti. Questo sito web utilizza i seguenti servizi di analisi di terzi:<\/p><ul><li>Google analytics<\/li><li>Pixel di Facebook<\/li><\/ul><p>Usiamo queste informazioni per analizzare le tendenze, amministrare il sito, tracciare i movimenti degli utenti nel sito e raccogliere informazioni demografiche sulla nostra base di utenti nel suo complesso.<\/p><p><strong>Segretezza e sicurezza dei dati<\/strong><\/p><p>Valloasociados.com si impegna a utilizzare e trattare i dati inclusi i dati personali degli utenti, rispettando la loro riservatezza e di utilizzarli in conformit\u00e0 con la finalit\u00e0 dello stesso, cos\u00ec come di rispettare il suo obbligo di salvarli e di adattare tutte le misure per prevenire l&#8217;alterazione, la perdita, il trattamento o l&#8217;accesso non autorizzato, in conformit\u00e0 con le disposizioni della legislazione vigente sulla protezione dei dati.<\/p><p>Questo sito web include un certificato SSL. Questo \u00e8 un protocollo di sicurezza che fa viaggiare i suoi dati in modo integrale e sicuro, cio\u00e8, la trasmissione dei dati tra un server e l&#8217;utente web, e nel feedback, \u00e8 completamente crittografato o criptato.<\/p><p>Valloasociados.com non pu\u00f2 garantire l&#8217;inespugnabilit\u00e0 assoluta della rete Internet e quindi la violazione dei dati attraverso l&#8217;accesso fraudolento ad essi da parte di terzi.<\/p><p>Per quanto riguarda la confidenzialit\u00e0 del trattamento, valloasociados.com garantir\u00e0 che qualsiasi persona autorizzata da valloasociados.com a trattare i dati del Cliente (incluso il suo personale, collaboratori e fornitori di servizi), sia sottoposta ad un adeguato obbligo di confidenzialit\u00e0 (sia un obbligo contrattuale che legale).<\/p><p>Quando si verifica un Incidente di Sicurezza, nel momento in cui ne viene a conoscenza valloasociados.com lo notificher\u00e0 al Cliente senza indebito ritardo e fornir\u00e0 tempestivamente le informazioni relative all&#8217;Incidente di Sicurezza non appena ne verr\u00e0 a conoscenza o quando ragionevolmente richiesto dal Cliente.<\/p><p><strong>Precisione e accuratezza dei dati<\/strong><\/p><p>Come utente, sei l&#8217;unico responsabile della veridicit\u00e0 e dell&#8217;esattezza dei dati che invii a valloasociados.com esonerando valloasociados.com da qualsiasi responsabilit\u00e0 in merito.<\/p><p>Gli utenti garantiscono e sono responsabili, in ogni caso, dell&#8217;esattezza, della validit\u00e0 e dell&#8217;autenticit\u00e0 dei dati personali forniti e si impegnano a mantenerli debitamente aggiornati. L&#8217;utente si impegna a fornire informazioni complete e corrette nel modulo di contatto o di iscrizione.<\/p><p><strong>Accettazione e consenso<\/strong><\/p><p>L&#8217;utente dichiara di essere stato informato delle condizioni sulla protezione dei dati personali, accettando e acconsentendo al trattamento degli stessi da parte di valloasociados.com nelle modalit\u00e0 e per le finalit\u00e0 indicate nella presente informativa sulla privacy.<\/p><p><strong>Revocabilit\u00e0<\/strong><\/p><p>Il consenso dato, sia per il trattamento che per il trasferimento dei dati degli interessati, potr\u00e0 essere revocato in qualsiasi momento comunicandolo a valloasociados.com nei termini stabiliti nella presente Politica per l&#8217;esercizio dei diritti di ARCO. Tale revoca non sar\u00e0 in nessun caso retroattiva.<\/p><p><strong>Modifiche alla politica sulla privacy<\/strong><\/p><p>Valloasociados.com si riserva il diritto di modificare questa politica per adattarla alla nuova legislazione o giurisprudenza, cos\u00ec come alle pratiche dell&#8217;industria. In tali casi, valloasociados.com annuncer\u00e0 su questa pagina le modifiche introdotte con ragionevole anticipo rispetto alla loro attuazione.<\/p><p><strong>E-mail commerciali<\/strong><\/p><p>In conformit\u00e0 con la LSSICE, valloasociados.com non si impegna in pratiche di SPAM, e pertanto non invia e-mail commerciali per via elettronica che non siano state precedentemente richieste o autorizzate dall&#8217;utente. Di conseguenza, in ognuno dei formulari del sito web, l&#8217;utente ha la possibilit\u00e0 di dare il suo consenso espresso a ricevere la newsletter, indipendentemente dall&#8217;informazione commerciale richiesta.<\/p><p>In conformit\u00e0 con le disposizioni della Legge 34\/2002 sui Servizi della Societ\u00e0 dell&#8217;Informazione e del Commercio Elettronico, valloasociados.com si impegna a non inviare comunicazioni commerciali senza la dovuta identificazione.<\/p><p>Questo documento \u00e8 stato aggiornato l&#8217;ultima volta il 31 ottobre 2021.<\/p><p>A nome del team di valloasociados.com, ti ringraziamo per aver dedicato del tempo a leggere questa politica sulla privacy.<\/p>\t\t\t\t\t\t<\/div>\n\t\t\t\t<\/div>\n\t\t\t\t\t<\/div>\n\t\t<\/div>\n\t\t\t\t\t<\/div>\n\t\t<\/section>\n\t\t\t\t<\/div>\n\t\t","protected":false},"excerpt":{"rendered":"<p>Politica di privacy La tua privacy \u00e8 importante per valloasociados.com. Questa dichiarazione sulla privacy spiega quali informazioni personali raccogliamo dai nostri utenti e come le utilizziamo. Ti invitiamo a leggere attentamente queste condizioni prima di fornire i tuoi dati personali su questo sito web. I bambini di et\u00e0 superiore ai 14 anni possono utilizzare qualsiasi &#8230; <a title=\"Politica di privacy\" class=\"read-more\" href=\"https:\/\/valloasociados.com\/it\/politica-di-privacy\/\" aria-label=\"Per saperne di pi\u00f9 su Politica di privacy\">Leggi tutto<\/a><\/p>\n","protected":false},"author":1,"featured_media":0,"parent":0,"menu_order":0,"comment_status":"closed","ping_status":"closed","template":"elementor_header_footer","meta":{"footnotes":""},"class_list":["post-1649","page","type-page","status-publish"],"_links":{"self":[{"href":"https:\/\/valloasociados.com\/it\/wp-json\/wp\/v2\/pages\/1649","targetHints":{"allow":["GET"]}}],"collection":[{"href":"https:\/\/valloasociados.com\/it\/wp-json\/wp\/v2\/pages"}],"about":[{"href":"https:\/\/valloasociados.com\/it\/wp-json\/wp\/v2\/types\/page"}],"author":[{"embeddable":true,"href":"https:\/\/valloasociados.com\/it\/wp-json\/wp\/v2\/users\/1"}],"replies":[{"embeddable":true,"href":"https:\/\/valloasociados.com\/it\/wp-json\/wp\/v2\/comments?post=1649"}],"version-history":[{"count":4,"href":"https:\/\/valloasociados.com\/it\/wp-json\/wp\/v2\/pages\/1649\/revisions"}],"predecessor-version":[{"id":1654,"href":"https:\/\/valloasociados.com\/it\/wp-json\/wp\/v2\/pages\/1649\/revisions\/1654"}],"wp:attachment":[{"href":"https:\/\/valloasociados.com\/it\/wp-json\/wp\/v2\/media?parent=1649"}],"curies":[{"name":"wp","href":"https:\/\/api.w.org\/{rel}","templated":true}]}}