{"id":1655,"date":"2021-11-01T14:45:56","date_gmt":"2021-11-01T13:45:56","guid":{"rendered":"https:\/\/valloasociados.com\/?page_id=1655"},"modified":"2021-11-01T14:47:22","modified_gmt":"2021-11-01T13:47:22","slug":"nota-legale","status":"publish","type":"page","link":"https:\/\/valloasociados.com\/it\/nota-legale\/","title":{"rendered":"Nota legale"},"content":{"rendered":"\t\t<div data-elementor-type=\"wp-page\" data-elementor-id=\"1655\" class=\"elementor elementor-1655\" data-elementor-post-type=\"page\">\n\t\t\t\t\t\t<section class=\"elementor-section elementor-top-section elementor-element elementor-element-76a9198 elementor-section-boxed elementor-section-height-default elementor-section-height-default\" data-id=\"76a9198\" data-element_type=\"section\">\n\t\t\t\t\t\t<div class=\"elementor-container elementor-column-gap-default\">\n\t\t\t\t\t<div class=\"elementor-column elementor-col-100 elementor-top-column elementor-element elementor-element-aab59c8\" data-id=\"aab59c8\" data-element_type=\"column\">\n\t\t\t<div class=\"elementor-widget-wrap elementor-element-populated\">\n\t\t\t\t\t\t<div class=\"elementor-element elementor-element-a30444f elementor-widget elementor-widget-heading\" data-id=\"a30444f\" data-element_type=\"widget\" data-widget_type=\"heading.default\">\n\t\t\t\t<div class=\"elementor-widget-container\">\n\t\t\t<h1 class=\"elementor-heading-title elementor-size-default\">Nota legale<\/h1>\t\t<\/div>\n\t\t\t\t<\/div>\n\t\t\t\t<div class=\"elementor-element elementor-element-1e5d302 elementor-widget elementor-widget-text-editor\" data-id=\"1e5d302\" data-element_type=\"widget\" data-widget_type=\"text-editor.default\">\n\t\t\t\t<div class=\"elementor-widget-container\">\n\t\t\t\t\t\t\t<p>Il presente avviso legale stabilisce le condizioni di utilizzo del sito web<a href=\"http:\/\/www.valloasociados.com\/\"> www.valloasociados.com, <\/a>di seguito denominato sito web, che appartiene a VALLO &amp; ASOCIADOS &#8211; ABOGADOS S.L.P.U (di seguito denominata la societ\u00e0).<\/p><p>L&#8217;accesso al sito web conferisce lo status di Utente e implica l&#8217;accettazione piena e senza riserve da parte dell&#8217;Utente di tutte e ognuna delle condizioni incluse in questo Avviso Legale.<\/p><p>Tutti i diritti di propriet\u00e0 intellettuale del dominio web e dei suoi contenuti appartengono alla societ\u00e0 o a terzi, pertanto nessun Utente \u00e8 autorizzato a farne uso, a stamparli o a memorizzarli su qualsiasi supporto fisico in qualsiasi caso che non sia per uso personale e privato. \u00c8 pertanto vietata la modifica, la decompilazione o l&#8217;uso commerciale di qualsiasi parte degli stessi.<\/p><p>L&#8217;uso dei contenuti del dominio web \u00e8 autorizzato solo per scopi informativi e di servizio, a condizione che la fonte sia citata o riferita, e l&#8217;Utente \u00e8 l&#8217;unico responsabile di qualsiasi uso improprio degli stessi.<\/p><p>Per accedere alle informazioni contenute nel sito web e utilizzare i servizi offerti, i minori devono ottenere il permesso preventivo dei loro genitori, tutori o rappresentanti legali.<\/p><p>I dati, i testi, le informazioni, i grafici o i link pubblicati nel sito web sono compilati a scopo puramente informativo per tutte le persone interessate senza che il loro accesso generi una relazione commerciale, contrattuale o professionale tra gli utenti e . In caso di discrepanza tra le informazioni contenute nel sito web e quelle contenute sulla carta, queste ultime saranno considerate valide. L&#8217;azienda si riserva il diritto di modificare il contenuto del dominio web senza preavviso.<\/p><p>I collegamenti ipertestuali che, se del caso, consentono di accedere attraverso il sito web a funzionalit\u00e0 e servizi offerti da terzi, non appartengono e non sono sotto il controllo della societ\u00e0, e pertanto la societ\u00e0 non si assume alcuna responsabilit\u00e0 per le informazioni in essi contenute o per gli effetti che possono derivare da tali informazioni.<\/p><p>All&#8217;utente \u00e8 severamente vietato introdurre qualsiasi tipo di virus nel dominio web, cos\u00ec come tentare di accedere ai dati dello stesso, modificarli, accedere agli account di posta elettronica, messaggi, ecc.<\/p><p>VALLO &amp; ASOCIADOS &#8211; ABOGADOS S.L.P.U. non garantisce la qualit\u00e0, l&#8217;esattezza, l&#8217;affidabilit\u00e0, la correttezza o la moralit\u00e0 dei dati, programmi, informazioni o opinioni, qualunque sia la loro origine, che circolano sulla sua rete o sulle reti a cui l&#8217;Utente pu\u00f2 avere accesso attraverso il web. Il Cliente accetta espressamente di esonerare la societ\u00e0 da qualsiasi responsabilit\u00e0 relativa al sito web. L&#8217;Utente si assume la responsabilit\u00e0 esclusiva di qualsiasi conseguenza, danno o azione che possa derivare dall&#8217;accesso a tali contenuti, cos\u00ec come la loro riproduzione o diffusione.<\/p><p>VALLO &amp; ASOCIADOS &#8211; ABOGADOS S.L.P.U non sar\u00e0 responsabile per qualsiasi violazione da parte di qualsiasi utente dei diritti di un altro utente del sito web, o di terzi, compresi diritti d&#8217;autore, marchi, brevetti, informazioni riservate e qualsiasi altro diritto di propriet\u00e0 intellettuale o industriale.<\/p><p><strong>Contatta<\/strong><\/p><p>Potete contattarci al seguente indirizzo e-mail:<br \/>E-mail: <a href=\"mailto:info@valloasociados.com\">info@valloasociados.com<\/a><br \/>Telefono: +34 936 81 75 63<br \/>Indirizzo: Gran Via de les Corts Catalanes 535, Entlo 6\u00ba<br \/>08011 Barcellona<\/p>\t\t\t\t\t\t<\/div>\n\t\t\t\t<\/div>\n\t\t\t\t\t<\/div>\n\t\t<\/div>\n\t\t\t\t\t<\/div>\n\t\t<\/section>\n\t\t\t\t<\/div>\n\t\t","protected":false},"excerpt":{"rendered":"<p>Nota legale Il presente avviso legale stabilisce le condizioni di utilizzo del sito web www.valloasociados.com, di seguito denominato sito web, che appartiene a VALLO &amp; ASOCIADOS &#8211; ABOGADOS S.L.P.U (di seguito denominata la societ\u00e0). L&#8217;accesso al sito web conferisce lo status di Utente e implica l&#8217;accettazione piena e senza riserve da parte dell&#8217;Utente di tutte &#8230; <a title=\"Nota legale\" class=\"read-more\" href=\"https:\/\/valloasociados.com\/it\/nota-legale\/\" aria-label=\"Per saperne di pi\u00f9 su Nota legale\">Leggi tutto<\/a><\/p>\n","protected":false},"author":1,"featured_media":0,"parent":0,"menu_order":0,"comment_status":"closed","ping_status":"closed","template":"elementor_header_footer","meta":{"footnotes":""},"class_list":["post-1655","page","type-page","status-publish"],"_links":{"self":[{"href":"https:\/\/valloasociados.com\/it\/wp-json\/wp\/v2\/pages\/1655","targetHints":{"allow":["GET"]}}],"collection":[{"href":"https:\/\/valloasociados.com\/it\/wp-json\/wp\/v2\/pages"}],"about":[{"href":"https:\/\/valloasociados.com\/it\/wp-json\/wp\/v2\/types\/page"}],"author":[{"embeddable":true,"href":"https:\/\/valloasociados.com\/it\/wp-json\/wp\/v2\/users\/1"}],"replies":[{"embeddable":true,"href":"https:\/\/valloasociados.com\/it\/wp-json\/wp\/v2\/comments?post=1655"}],"version-history":[{"count":4,"href":"https:\/\/valloasociados.com\/it\/wp-json\/wp\/v2\/pages\/1655\/revisions"}],"predecessor-version":[{"id":1659,"href":"https:\/\/valloasociados.com\/it\/wp-json\/wp\/v2\/pages\/1655\/revisions\/1659"}],"wp:attachment":[{"href":"https:\/\/valloasociados.com\/it\/wp-json\/wp\/v2\/media?parent=1655"}],"curies":[{"name":"wp","href":"https:\/\/api.w.org\/{rel}","templated":true}]}}